{"id":617,"date":"2021-05-12T04:59:15","date_gmt":"2021-05-12T04:59:15","guid":{"rendered":"https:\/\/testowa.dobrastronanet.pl\/menu\/"},"modified":"2021-05-12T04:59:15","modified_gmt":"2021-05-12T04:59:15","slug":"menu","status":"publish","type":"page","link":"https:\/\/starachata.com.pl\/index.php\/menu\/","title":{"rendered":"Menu"},"content":{"rendered":"\n<div class=\"wp-block-uagb-container uagb-block-b65766ba alignfull uagb-is-root-container\"><div class=\"uagb-container-inner-blocks-wrap\">\n<div class=\"wp-block-uagb-advanced-heading uagb-block-6605c781\"><h1 class=\"uagb-heading-text\">Przyk\u0142adowe Menu<\/h1><\/div>\n<\/div><\/div>\n\n\n\n<div class=\"wp-block-uagb-container uagb-block-e3a74cc9 alignfull uagb-is-root-container\">\n<div class=\"wp-block-uagb-container uagb-block-47ed66bb\">\n<div class=\"wp-block-uagb-image uagb-block-2697e349 wp-block-uagb-image--layout-default wp-block-uagb-image--effect-static wp-block-uagb-image--align-none\"><figure class=\"wp-block-uagb-image__figure\"><img decoding=\"async\" srcset=\"https:\/\/testowa.dobrastronanet.pl\/wp-content\/uploads\/2023\/07\/steaks-910x1024-1.jpg \" sizes=\"(max-width: 480px) 150px\" src=\"https:\/\/testowa.dobrastronanet.pl\/wp-content\/uploads\/2023\/07\/steaks-910x1024-1.jpg\" alt=\"\" class=\"uag-image-104\" title=\"\" loading=\"lazy\"\/><\/figure><\/div>\n<\/div>\n\n\n\n<div class=\"wp-block-uagb-container uagb-block-8c9ed288\">\n<div class=\"wp-block-uagb-container uagb-block-b4e24c16\">\n<div class=\"wp-block-uagb-advanced-heading uagb-block-d000c729\"><h2 class=\"uagb-heading-text\">Ma\u0142gosiu, tu mo\u017cesz wrzuci\u0107 kilka przyk\u0142adowych cen z Twojej oferty:<\/h2><\/div>\n\n\n\n<div class=\"wp-block-uagb-restaurant-menu uagb-block-7b386e98 uagb-rm__desk-column-1 uagb-rm__tablet-column-1 uagb-rm__mobile-column-1\">\n<div class=\"wp-block-uagb-restaurant-menu-child uagb-rest_menu__wrap uagb-rm__align-left uagb-rm__desk-column-1 uagb-rm__tablet-column-1 uagb-rm__mobile-column-1\"><div class=\"uagb-rm__content\"><div class=\"uagb-rm-details\"><h4 class=\"uagb-rm__title\">Pan Seared Steak<\/h4><div class=\"uagb-rm__desc\">Diam, urna, ornare leo facilisis suspendisse eu rutrum id augue cursus.<\/div><\/div><span class=\"uagb-rm__price\">$25<\/span><\/div><div class=\"uagb-rm__separator\"><\/div><\/div>\n\n\n\n<div class=\"wp-block-uagb-restaurant-menu-child uagb-rest_menu__wrap uagb-rm__align-left uagb-rm__desk-column-1 uagb-rm__tablet-column-1 uagb-rm__mobile-column-1\"><div class=\"uagb-rm__content\"><div class=\"uagb-rm-details\"><h4 class=\"uagb-rm__title\">Herb-Crusted Filet Mignon<\/h4><div class=\"uagb-rm__desc\">Diam, urna, ornare leo facilisis suspendisse eu rutrum id augue cursus.<\/div><\/div><span class=\"uagb-rm__price\">$28<\/span><\/div><div class=\"uagb-rm__separator\"><\/div><\/div>\n\n\n\n<div class=\"wp-block-uagb-restaurant-menu-child uagb-rest_menu__wrap uagb-rm__align-left uagb-rm__desk-column-1 uagb-rm__tablet-column-1 uagb-rm__mobile-column-1\"><div class=\"uagb-rm__content\"><div class=\"uagb-rm-details\"><h4 class=\"uagb-rm__title\">Classic French Steak au Poivre<\/h4><div class=\"uagb-rm__desc\">Diam, urna, ornare leo facilisis suspendisse eu rutrum id augue cursus.<\/div><\/div><span class=\"uagb-rm__price\">$31<\/span><\/div><div class=\"uagb-rm__separator\"><\/div><\/div>\n\n\n\n<div class=\"wp-block-uagb-restaurant-menu-child uagb-rest_menu__wrap uagb-rm__align-left uagb-rm__desk-column-1 uagb-rm__tablet-column-1 uagb-rm__mobile-column-1\"><div class=\"uagb-rm__content\"><div class=\"uagb-rm-details\"><h4 class=\"uagb-rm__title\">Steak With Gorgonzola Sauce<\/h4><div class=\"uagb-rm__desc\">Diam, urna, ornare leo facilisis suspendisse eu rutrum id augue cursus.<\/div><\/div><span class=\"uagb-rm__price\">$45<\/span><\/div><div class=\"uagb-rm__separator\"><\/div><\/div>\n<\/div>\n<\/div>\n<\/div>\n<\/div>\n\n\n\n<div class=\"wp-block-uagb-container uagb-block-57005a9a alignfull uagb-is-root-container\">\n<div class=\"wp-block-uagb-container uagb-block-a2bdc3c7\">\n<div class=\"wp-block-uagb-container uagb-block-573fff9e\">\n<div class=\"wp-block-uagb-advanced-heading uagb-block-b8a6d446\"><h2 class=\"uagb-heading-text\">Classic Desserts<\/h2><\/div>\n\n\n\n<div class=\"wp-block-uagb-restaurant-menu uagb-block-68088c94 uagb-rm__desk-column-1 uagb-rm__tablet-column-1 uagb-rm__mobile-column-1\">\n<div class=\"wp-block-uagb-restaurant-menu-child uagb-rest_menu__wrap uagb-rm__align-left uagb-rm__desk-column-1 uagb-rm__tablet-column-1 uagb-rm__mobile-column-1\"><div class=\"uagb-rm__content\"><div class=\"uagb-rm-details\"><h4 class=\"uagb-rm__title\">Almond Torte<\/h4><div class=\"uagb-rm__desc\">Diam, urna, ornare leo facilisis suspendisse eu rutrum id augue cursus.<\/div><\/div><span class=\"uagb-rm__price\">$15<\/span><\/div><div class=\"uagb-rm__separator\"><\/div><\/div>\n\n\n\n<div class=\"wp-block-uagb-restaurant-menu-child uagb-rest_menu__wrap uagb-rm__align-left uagb-rm__desk-column-1 uagb-rm__tablet-column-1 uagb-rm__mobile-column-1\"><div class=\"uagb-rm__content\"><div class=\"uagb-rm-details\"><h4 class=\"uagb-rm__title\">Apple Brie Tart<\/h4><div class=\"uagb-rm__desc\">Diam, urna, ornare leo facilisis suspendisse eu rutrum id augue cursus.<\/div><\/div><span class=\"uagb-rm__price\">$18<\/span><\/div><div class=\"uagb-rm__separator\"><\/div><\/div>\n\n\n\n<div class=\"wp-block-uagb-restaurant-menu-child uagb-rest_menu__wrap uagb-rm__align-left uagb-rm__desk-column-1 uagb-rm__tablet-column-1 uagb-rm__mobile-column-1\"><div class=\"uagb-rm__content\"><div class=\"uagb-rm-details\"><h4 class=\"uagb-rm__title\">Chocolate Souffl\u00e9 <\/h4><div class=\"uagb-rm__desc\">Diam, urna, ornare leo facilisis suspendisse eu rutrum id augue cursus.<\/div><\/div><span class=\"uagb-rm__price\">$9<\/span><\/div><div class=\"uagb-rm__separator\"><\/div><\/div>\n\n\n\n<div class=\"wp-block-uagb-restaurant-menu-child uagb-rest_menu__wrap uagb-rm__align-left uagb-rm__desk-column-1 uagb-rm__tablet-column-1 uagb-rm__mobile-column-1\"><div class=\"uagb-rm__content\"><div class=\"uagb-rm-details\"><h4 class=\"uagb-rm__title\">Cr\u00e8me Caramel<\/h4><div class=\"uagb-rm__desc\">Diam, urna, ornare leo facilisis suspendisse eu rutrum id augue cursus.<\/div><\/div><span class=\"uagb-rm__price\">$28<\/span><\/div><div class=\"uagb-rm__separator\"><\/div><\/div>\n<\/div>\n<\/div>\n<\/div>\n\n\n\n<div class=\"wp-block-uagb-container uagb-block-50d23123\">\n<div class=\"wp-block-uagb-image uagb-block-82dc49c6 wp-block-uagb-image--layout-default wp-block-uagb-image--effect-static wp-block-uagb-image--align-none\"><figure class=\"wp-block-uagb-image__figure\"><img decoding=\"async\" srcset=\"https:\/\/testowa.dobrastronanet.pl\/wp-content\/uploads\/2023\/07\/desserts-910x1024-1.jpg \" sizes=\"(max-width: 480px) 150px\" src=\"https:\/\/testowa.dobrastronanet.pl\/wp-content\/uploads\/2023\/07\/desserts-910x1024-1.jpg\" alt=\"\" class=\"uag-image-101\" title=\"\" loading=\"lazy\"\/><\/figure><\/div>\n<\/div>\n<\/div>\n\n\n\n<div class=\"wp-block-uagb-container uagb-block-eb1ccb01 alignfull uagb-is-root-container\">\n<div class=\"wp-block-uagb-container uagb-block-31329e0e\">\n<div class=\"wp-block-uagb-image uagb-block-c449fa4c wp-block-uagb-image--layout-default wp-block-uagb-image--effect-static wp-block-uagb-image--align-none\"><figure class=\"wp-block-uagb-image__figure\"><img decoding=\"async\" srcset=\"https:\/\/testowa.dobrastronanet.pl\/wp-content\/uploads\/2023\/07\/mocktails-910x1024-1.jpg \" sizes=\"(max-width: 480px) 150px\" src=\"https:\/\/testowa.dobrastronanet.pl\/wp-content\/uploads\/2023\/07\/mocktails-910x1024-1.jpg\" alt=\"\" class=\"uag-image-102\" title=\"\" loading=\"lazy\"\/><\/figure><\/div>\n<\/div>\n\n\n\n<div class=\"wp-block-uagb-container uagb-block-de594c88\">\n<div class=\"wp-block-uagb-container uagb-block-2f0465de\">\n<div class=\"wp-block-uagb-advanced-heading uagb-block-3647bb28\"><h2 class=\"uagb-heading-text\">Chilled Mocktails<\/h2><\/div>\n\n\n\n<div class=\"wp-block-uagb-restaurant-menu uagb-block-1f949ecd uagb-rm__desk-column-1 uagb-rm__tablet-column-1 uagb-rm__mobile-column-1\">\n<div class=\"wp-block-uagb-restaurant-menu-child uagb-rest_menu__wrap uagb-rm__align-left uagb-rm__desk-column-1 uagb-rm__tablet-column-1 uagb-rm__mobile-column-1\"><div class=\"uagb-rm__content\"><div class=\"uagb-rm-details\"><h4 class=\"uagb-rm__title\">Virgin Cucumber Gimlet<\/h4><div class=\"uagb-rm__desc\">Diam, urna, ornare leo facilisis suspendisse eu rutrum id augue cursus.<\/div><\/div><span class=\"uagb-rm__price\">$25<\/span><\/div><div class=\"uagb-rm__separator\"><\/div><\/div>\n\n\n\n<div class=\"wp-block-uagb-restaurant-menu-child uagb-rest_menu__wrap uagb-rm__align-left uagb-rm__desk-column-1 uagb-rm__tablet-column-1 uagb-rm__mobile-column-1\"><div class=\"uagb-rm__content\"><div class=\"uagb-rm-details\"><h4 class=\"uagb-rm__title\">Shirley Ginger<\/h4><div class=\"uagb-rm__desc\">Diam, urna, ornare leo facilisis suspendisse eu rutrum id augue cursus.<\/div><\/div><span class=\"uagb-rm__price\">$28<\/span><\/div><div class=\"uagb-rm__separator\"><\/div><\/div>\n\n\n\n<div class=\"wp-block-uagb-restaurant-menu-child uagb-rest_menu__wrap uagb-rm__align-left uagb-rm__desk-column-1 uagb-rm__tablet-column-1 uagb-rm__mobile-column-1\"><div class=\"uagb-rm__content\"><div class=\"uagb-rm-details\"><h4 class=\"uagb-rm__title\">Tahitian Coffee <\/h4><div class=\"uagb-rm__desc\">Diam, urna, ornare leo facilisis suspendisse eu rutrum id augue cursus.<\/div><\/div><span class=\"uagb-rm__price\">$31<\/span><\/div><div class=\"uagb-rm__separator\"><\/div><\/div>\n\n\n\n<div class=\"wp-block-uagb-restaurant-menu-child uagb-rest_menu__wrap uagb-rm__align-left uagb-rm__desk-column-1 uagb-rm__tablet-column-1 uagb-rm__mobile-column-1\"><div class=\"uagb-rm__content\"><div class=\"uagb-rm-details\"><h4 class=\"uagb-rm__title\">Winter Shandy<\/h4><div class=\"uagb-rm__desc\">Diam, urna, ornare leo facilisis suspendisse eu rutrum id augue cursus.<\/div><\/div><span class=\"uagb-rm__price\">$45<\/span><\/div><div class=\"uagb-rm__separator\"><\/div><\/div>\n<\/div>\n<\/div>\n<\/div>\n<\/div>\n","protected":false},"excerpt":{"rendered":"<p>Przyk\u0142adowe Menu Ma\u0142gosiu, tu mo\u017cesz wrzuci\u0107 kilka przyk\u0142adowych cen z Twojej oferty: Classic Desserts Chilled Mocktails<\/p>\n","protected":false},"author":1,"featured_media":0,"parent":0,"menu_order":0,"comment_status":"closed","ping_status":"closed","template":"","meta":{"_uag_custom_page_level_css":"","site-sidebar-layout":"no-sidebar","site-content-layout":"plain-container","ast-site-content-layout":"default","site-content-style":"default","site-sidebar-style":"default","ast-global-header-display":"","ast-banner-title-visibility":"","ast-main-header-display":"","ast-hfb-above-header-display":"","ast-hfb-below-header-display":"","ast-hfb-mobile-header-display":"","site-post-title":"disabled","ast-breadcrumbs-content":"","ast-featured-img":"","footer-sml-layout":"","ast-disable-related-posts":"","theme-transparent-header-meta":"enabled","adv-header-id-meta":"","stick-header-meta":"","header-above-stick-meta":"","header-main-stick-meta":"","header-below-stick-meta":"","astra-migrate-meta-layouts":"default","ast-page-background-enabled":"default","ast-page-background-meta":{"desktop":{"background-color":"var(--ast-global-color-4)","background-image":"","background-repeat":"repeat","background-position":"center center","background-size":"auto","background-attachment":"scroll","background-type":"","background-media":"","overlay-type":"","overlay-color":"","overlay-opacity":"","overlay-gradient":""},"tablet":{"background-color":"","background-image":"","background-repeat":"repeat","background-position":"center center","background-size":"auto","background-attachment":"scroll","background-type":"","background-media":"","overlay-type":"","overlay-color":"","overlay-opacity":"","overlay-gradient":""},"mobile":{"background-color":"","background-image":"","background-repeat":"repeat","background-position":"center center","background-size":"auto","background-attachment":"scroll","background-type":"","background-media":"","overlay-type":"","overlay-color":"","overlay-opacity":"","overlay-gradient":""}},"ast-content-background-meta":{"desktop":{"background-color":"var(--ast-global-color-5)","background-image":"","background-repeat":"repeat","background-position":"center center","background-size":"auto","background-attachment":"scroll","background-type":"","background-media":"","overlay-type":"","overlay-color":"","overlay-opacity":"","overlay-gradient":""},"tablet":{"background-color":"var(--ast-global-color-5)","background-image":"","background-repeat":"repeat","background-position":"center center","background-size":"auto","background-attachment":"scroll","background-type":"","background-media":"","overlay-type":"","overlay-color":"","overlay-opacity":"","overlay-gradient":""},"mobile":{"background-color":"var(--ast-global-color-5)","background-image":"","background-repeat":"repeat","background-position":"center center","background-size":"auto","background-attachment":"scroll","background-type":"","background-media":"","overlay-type":"","overlay-color":"","overlay-opacity":"","overlay-gradient":""}},"footnotes":""},"class_list":["post-617","page","type-page","status-publish","hentry"],"uagb_featured_image_src":{"full":false,"thumbnail":false,"medium":false,"medium_large":false,"large":false,"1536x1536":false,"2048x2048":false},"uagb_author_info":{"display_name":"admin","author_link":"https:\/\/starachata.com.pl\/index.php\/author\/admin\/"},"uagb_comment_info":0,"uagb_excerpt":"Przyk\u0142adowe Menu Ma\u0142gosiu, tu mo\u017cesz wrzuci\u0107 kilka przyk\u0142adowych cen z Twojej oferty: Classic Desserts Chilled Mocktails","_links":{"self":[{"href":"https:\/\/starachata.com.pl\/index.php\/wp-json\/wp\/v2\/pages\/617","targetHints":{"allow":["GET"]}}],"collection":[{"href":"https:\/\/starachata.com.pl\/index.php\/wp-json\/wp\/v2\/pages"}],"about":[{"href":"https:\/\/starachata.com.pl\/index.php\/wp-json\/wp\/v2\/types\/page"}],"author":[{"embeddable":true,"href":"https:\/\/starachata.com.pl\/index.php\/wp-json\/wp\/v2\/users\/1"}],"replies":[{"embeddable":true,"href":"https:\/\/starachata.com.pl\/index.php\/wp-json\/wp\/v2\/comments?post=617"}],"version-history":[{"count":0,"href":"https:\/\/starachata.com.pl\/index.php\/wp-json\/wp\/v2\/pages\/617\/revisions"}],"wp:attachment":[{"href":"https:\/\/starachata.com.pl\/index.php\/wp-json\/wp\/v2\/media?parent=617"}],"curies":[{"name":"wp","href":"https:\/\/api.w.org\/{rel}","templated":true}]}}